{"id":29,"date":"2016-11-27T23:17:33","date_gmt":"2016-11-27T22:17:33","guid":{"rendered":"http:\/\/www.strojobal.eu\/?page_id=29"},"modified":"2016-12-04T15:49:12","modified_gmt":"2016-12-04T14:49:12","slug":"vzduchotechnika-a-klimatizace","status":"publish","type":"page","link":"https:\/\/www.strojobal.eu\/index.php\/cs\/vzduchotechnika-a-klimatizace\/","title":{"rendered":"Vzduchotechnika a klimatizace"},"content":{"rendered":"<p>V oblasti klimatizac\u00ed \u0159e\u0161\u00edme tzv. \u010dist\u00e9 provozy z hlediska hygienick\u00fdch p\u0159edpis\u016f, tj. dod\u00e1v\u00e1me a \u0159e\u0161\u00edme v\u00fdrobn\u00ed prostory z\u00e1kazn\u00edka tak, aby byly o\u0161et\u0159eny mikroklimatick\u00e9 podm\u00ednky otev\u0159en\u00e9ho v\u00fdrobku (nap\u0159. u plni\u010dek apod.) a t\u00edm zaji\u0161t\u011bny hygienick\u00e9 podm\u00ednky provozu. Stejn\u011b tak, aby byly zaji\u0161t\u011bny podm\u00ednky provozu z hlediska bezpe\u010dnosti pr\u00e1ce.<\/p>\n<p>Sou\u010dasn\u011b s t\u00edm dod\u00e1v\u00e1me i VZT a klimatizace b\u011b\u017en\u00fdch v\u00fdrobn\u00edch i nev\u00fdrobn\u00edch prostor z\u00e1kazn\u00edka.<\/p>\n","protected":false},"excerpt":{"rendered":"<p>V oblasti klimatizac\u00ed \u0159e\u0161\u00edme tzv. \u010dist\u00e9 provozy z hlediska hygienick\u00fdch p\u0159edpis\u016f, tj. dod\u00e1v\u00e1me a \u0159e\u0161\u00edme v\u00fdrobn\u00ed prostory z\u00e1kazn\u00edka tak, aby byly o\u0161et\u0159eny mikroklimatick\u00e9 podm\u00ednky otev\u0159en\u00e9ho v\u00fdrobku (nap\u0159. u plni\u010dek apod.) [&hellip;]<\/p>\n","protected":false},"author":1,"featured_media":0,"parent":0,"menu_order":0,"comment_status":"closed","ping_status":"closed","template":"","meta":{"footnotes":""},"class_list":["post-29","page","type-page","status-publish","hentry"],"_links":{"self":[{"href":"https:\/\/www.strojobal.eu\/index.php\/wp-json\/wp\/v2\/pages\/29","targetHints":{"allow":["GET"]}}],"collection":[{"href":"https:\/\/www.strojobal.eu\/index.php\/wp-json\/wp\/v2\/pages"}],"about":[{"href":"https:\/\/www.strojobal.eu\/index.php\/wp-json\/wp\/v2\/types\/page"}],"author":[{"embeddable":true,"href":"https:\/\/www.strojobal.eu\/index.php\/wp-json\/wp\/v2\/users\/1"}],"replies":[{"embeddable":true,"href":"https:\/\/www.strojobal.eu\/index.php\/wp-json\/wp\/v2\/comments?post=29"}],"version-history":[{"count":2,"href":"https:\/\/www.strojobal.eu\/index.php\/wp-json\/wp\/v2\/pages\/29\/revisions"}],"predecessor-version":[{"id":75,"href":"https:\/\/www.strojobal.eu\/index.php\/wp-json\/wp\/v2\/pages\/29\/revisions\/75"}],"wp:attachment":[{"href":"https:\/\/www.strojobal.eu\/index.php\/wp-json\/wp\/v2\/media?parent=29"}],"curies":[{"name":"wp","href":"https:\/\/api.w.org\/{rel}","templated":true}]}}