{"id":31,"date":"2016-11-27T23:18:02","date_gmt":"2016-11-27T22:18:02","guid":{"rendered":"http:\/\/www.strojobal.eu\/?page_id=31"},"modified":"2017-02-24T12:01:08","modified_gmt":"2017-02-24T11:01:08","slug":"mereni-a-regulace","status":"publish","type":"page","link":"https:\/\/www.strojobal.eu\/index.php\/cs\/mereni-a-regulace\/","title":{"rendered":"M\u011b\u0159en\u00ed a regulace"},"content":{"rendered":"<p>Pr\u016fmyslov\u00e1 automatizace, m\u011b\u0159en\u00ed a regulace je v sou\u010dasnosti sou\u010d\u00e1st\u00ed prakticky v\u0161ech technologi\u00ed a tomu odpov\u00edd\u00e1 i \u0161\u00ed\u0159e na\u0161\u00ed nab\u00eddky. Na z\u00e1klad\u011b po\u017eadavku \u0159e\u0161itele technologie jsme schopni projektovat a realizovat \u0159\u00edd\u00edc\u00ed syst\u00e9m v konfiguraci p\u0159esn\u011b odpov\u00eddaj\u00edc\u00ed p\u0159\u00edslu\u0161n\u00e9 technologii. Za sou\u010d\u00e1st syst\u00e9mu je pova\u017eov\u00e1no i \u0159e\u0161en\u00ed zp\u016fsob\u016f m\u011b\u0159en\u00ed bin\u00e1rn\u00edch (kontakty, koncov\u00e9 sp\u00edna\u010de apod.) a analogov\u00fdch (teplota, tlak, pr\u016ftok, mno\u017estv\u00ed, vlhkost apod.) hodnot, v\u010detn\u011b dod\u00e1vky p\u0159\u00edslu\u0161n\u00fdch \u010didel. Dal\u0161\u00ed \u010d\u00e1st syst\u00e9mu \u0159e\u0161\u00ed zp\u016fsob ovl\u00e1d\u00e1n\u00ed technologie prost\u0159ednictv\u00edm silov\u00fdch komponent\u016f (motory, servopohony, ventily apod.), projekt a v\u00fdrobu p\u0159\u00edslu\u0161n\u00fdch rozvad\u011b\u010dov\u00fdch sk\u0159\u00edn\u00ed s instalovan\u00fdmi automatiza\u010dn\u00edmi prost\u0159edky, p\u0159edev\u0161\u00edm programovateln\u00fdmi automaty (PLC). Vrcholov\u00fdm produktem syst\u00e9mu je vlastn\u00ed softwarov\u00e9 vybaven\u00ed pro \u0159\u00edzen\u00ed technologie, v\u010detn\u011b po\u010d\u00edta\u010dov\u00e9 vizualizace, kter\u00e1 poskytuje kone\u010dn\u00e9mu u\u017eivateli maxim\u00e1ln\u00ed mno\u017estv\u00ed informac\u00ed a maxim\u00e1ln\u00ed komfort p\u0159i ovl\u00e1d\u00e1n\u00ed technologie. Firma MICROCOMP s.r.o. \u0159e\u0161\u00ed celou zak\u00e1zku vlastn\u00edmi pracovn\u00edky jako celek, to znamen\u00e1 od projektov\u00fdch prac\u00ed, p\u0159es dod\u00e1vku ve\u0161ker\u00fdch komponent\u016f, mont\u00e1\u017e za\u0159\u00edzen\u00ed, o\u017eiven\u00ed syst\u00e9mu s technologi\u00ed, a\u017e po za\u0161kolen\u00ed pracovn\u00edk\u016f u\u017eivatele a p\u0159ed\u00e1n\u00ed do provozu.<\/p>\n<h5>Typick\u00e9 aplikace<\/h5>\n<h6>Energetika a tepl\u00e1renstv\u00ed<\/h6>\n<ul>\n<li>\u0159\u00edzen\u00ed kotelen a v\u00fdm\u011bn\u00edkov\u00fdch stanic<\/li>\n<li>\u0159\u00edzen\u00ed dopravn\u00edch cest<\/li>\n<li>pneudoprava odpra\u0161k\u016f<\/li>\n<li>elektrick\u00e9 odlu\u010dova\u010de, l\u00e1tkov\u00e9 filtry<\/li>\n<\/ul>\n<h6>Potravin\u00e1\u0159stv\u00ed<\/h6>\n<ul>\n<li>doprava a d\u00e1vkov\u00e1n\u00ed sypk\u00fdch a tekut\u00fdch komponent\u016f<\/li>\n<li>\u0159\u00edzen\u00ed v\u00fdrobn\u00edch technologi\u00ed<\/li>\n<li>\u0159\u00edzen\u00ed chladic\u00edch technologi\u00ed<\/li>\n<\/ul>\n<h6>Technologie obecn\u011b<\/h6>\n<ul>\n<li>t\u0159\u00edd\u011bn\u00ed surovin<\/li>\n<li>jedno\u00fa\u010delov\u00e9 stroje<\/li>\n<li>m\u00eds\u00edrny a v\u00fdrobny sm\u011bs\u00ed<\/li>\n<li>v\u00e1\u017eic\u00ed a d\u00e1vkovac\u00ed syst\u00e9my<\/li>\n<li>dopravn\u00edkov\u00e9 linky<\/li>\n<li>m\u011b\u0159en\u00ed teplot, tlak\u016f, vlhkosti, pr\u016ftoku<\/li>\n<\/ul>\n<h5>Pou\u017e\u00edvan\u00e9 komponenty<\/h5>\n<p>Pro realizaci syst\u00e9m\u016f pr\u016fmyslov\u00e9 automatizace a jejich bezprobl\u00e9mov\u00fd provoz je do zna\u010dn\u00e9 m\u00edry rozhoduj\u00edc\u00ed kvalita pou\u017e\u00edvan\u00fdch komponent\u016f, se zvl\u00e1\u0161tn\u00edm d\u016frazem na kvalitu \u0159\u00edd\u00edc\u00edch programovateln\u00fdch automat\u016f. Jsme schopni nab\u00eddnout aplikaci n\u00e1sleduj\u00edc\u00edch typ\u016f programovateln\u00fdch automat\u016f, pro kter\u00e9 pou\u017e\u00edv\u00e1me p\u0159\u00edslu\u0161n\u00e1 v\u00fdvojov\u00e1 prost\u0159ed\u00ed.<\/p>\n<ul>\n<li>PLC TECOMAT firmy TECO a.s. Kol\u00edn<\/li>\n<li>PLC firmy HYPEL<\/li>\n<li>PLC firmy MICROPEL<\/li>\n<li>PLC SAUTER<\/li>\n<li>PLC TSX firmy TELEMECANIQUE<\/li>\n<li>PLC EX 100, M20, M40 firmy TOSHIBA<\/li>\n<li>PLC SLC 500 firmy ALLEN BRADLEY<\/li>\n<li>PLC SIMATIC S5, S7 firmy SIEMENS<\/li>\n<li>PLC GE FANUC<\/li>\n<\/ul>\n<p>Pro realizaci vizualizace \u0159\u00edzen\u00e9 technologie pou\u017e\u00edv\u00e1me syst\u00e9my:<\/p>\n<ul>\n<li>PROMOTIC<\/li>\n<li>CONTROL WEB<\/li>\n<li>CITECT<\/li>\n<li>WIN CC<\/li>\n<\/ul>\n","protected":false},"excerpt":{"rendered":"<p>Pr\u016fmyslov\u00e1 automatizace, m\u011b\u0159en\u00ed a regulace je v sou\u010dasnosti sou\u010d\u00e1st\u00ed prakticky v\u0161ech technologi\u00ed a tomu odpov\u00edd\u00e1 i \u0161\u00ed\u0159e na\u0161\u00ed nab\u00eddky. Na z\u00e1klad\u011b po\u017eadavku \u0159e\u0161itele technologie jsme schopni projektovat a realizovat \u0159\u00edd\u00edc\u00ed [&hellip;]<\/p>\n","protected":false},"author":1,"featured_media":0,"parent":0,"menu_order":0,"comment_status":"closed","ping_status":"closed","template":"","meta":{"footnotes":""},"class_list":["post-31","page","type-page","status-publish","hentry"],"_links":{"self":[{"href":"https:\/\/www.strojobal.eu\/index.php\/wp-json\/wp\/v2\/pages\/31","targetHints":{"allow":["GET"]}}],"collection":[{"href":"https:\/\/www.strojobal.eu\/index.php\/wp-json\/wp\/v2\/pages"}],"about":[{"href":"https:\/\/www.strojobal.eu\/index.php\/wp-json\/wp\/v2\/types\/page"}],"author":[{"embeddable":true,"href":"https:\/\/www.strojobal.eu\/index.php\/wp-json\/wp\/v2\/users\/1"}],"replies":[{"embeddable":true,"href":"https:\/\/www.strojobal.eu\/index.php\/wp-json\/wp\/v2\/comments?post=31"}],"version-history":[{"count":7,"href":"https:\/\/www.strojobal.eu\/index.php\/wp-json\/wp\/v2\/pages\/31\/revisions"}],"predecessor-version":[{"id":104,"href":"https:\/\/www.strojobal.eu\/index.php\/wp-json\/wp\/v2\/pages\/31\/revisions\/104"}],"wp:attachment":[{"href":"https:\/\/www.strojobal.eu\/index.php\/wp-json\/wp\/v2\/media?parent=31"}],"curies":[{"name":"wp","href":"https:\/\/api.w.org\/{rel}","templated":true}]}}