{"id":33,"date":"2016-11-27T23:18:45","date_gmt":"2016-11-27T22:18:45","guid":{"rendered":"http:\/\/www.strojobal.eu\/?page_id=33"},"modified":"2017-02-24T12:14:04","modified_gmt":"2017-02-24T11:14:04","slug":"tepelna-cerpadla","status":"publish","type":"page","link":"https:\/\/www.strojobal.eu\/index.php\/cs\/tepelna-cerpadla\/","title":{"rendered":"Tepeln\u00e1 \u010derpadla"},"content":{"rendered":"<div>\n<p><strong>Nab\u00edz\u00edme kompletn\u00ed \u0159e\u0161en\u00ed tepeln\u00fdch \u010derpadel pro pr\u016fmysl i dom\u00e1cnost (od projektu, dod\u00e1vky, instalace a\u017e po celkov\u00e9 zprovozn\u011bn\u00ed a servisn\u00ed \u010dinnost).<\/strong><\/p>\n<p><strong>Tepeln\u00e1 \u010derpadla p\u0159inesou Va\u0161\u00ed firm\u011b \u010di dom\u00e1cnosti zna\u010dnou \u00fasporu finan\u010dn\u00edch \u010d\u00e1stek pot\u0159ebn\u00fdch k vyt\u00e1p\u011bn\u00ed a k oh\u0159evu u\u017eitkov\u00e9 vody.<\/strong><\/p>\n<p><strong>Zp\u016fsob z\u00edsk\u00e1v\u00e1n\u00ed tepla z obnoviteln\u00fdch zdroj\u016f je zcela ekologick\u00fd<\/strong>.<\/p>\n<h6><strong>Princip funkce tepeln\u00fdch \u010derpadel<\/strong><\/h6>\n<div>Tepeln\u00e9 \u010derpadlo je za\u0159\u00edzen\u00ed, kter\u00e9 odeb\u00edr\u00e1 teplo o relativn\u011b n\u00edzk\u00e9 teplot\u011b (tzv. n\u00edzkopotencion\u00e1ln\u00ed tepeln\u00e1 energie) z venkovn\u00edho prost\u0159ed\u00ed anebo odpadn\u00ed teplo z technologie a to p\u0159e\u010derp\u00e1v\u00e1 na teplo pou\u017eiteln\u00e9 pro vyt\u00e1p\u011bn\u00ed objekt\u016f a oh\u0159\u00edv\u00e1n\u00ed tepl\u00e9 u\u017eitkov\u00e9 vody. K tomuto \u00fa\u010delu je \u010d\u00e1ste\u010dn\u011b pou\u017eita elektrick\u00e1 energie, kter\u00e1 je p\u0159i tomto zp\u016fsobu vyt\u00e1p\u011bn\u00ed hospod\u00e1rn\u011b vyu\u017e\u00edv\u00e1na. Zapojuj\u00ed se tak\u00e9 fyzik\u00e1ln\u00ed vlastnosti pracovn\u00ed l\u00e1tky (chladiva), kter\u00e1 se odpa\u0159uje i p\u0159i n\u00edzk\u00fdch venkovn\u00edch teplot\u00e1ch. Jde tedy o proces transformace tepla, p\u0159i kter\u00e9m je zapot\u0159eb\u00ed elektrick\u00e1 pr\u00e1ce n\u011bkolikan\u00e1sobn\u011b men\u0161\u00ed ne\u017e je hodnota z\u00edskan\u00e9 tepeln\u00e9 energie. Nevyu\u017eit\u00fdm nez\u016fstane ani teplo vznikl\u00e9 prac\u00ed kompresoru tepeln\u00e9ho \u010derpadla, to se zapo\u010d\u00edt\u00e1 do celkem z\u00edskan\u00e9 tepeln\u00e9 bilance. Efektivita \u010derpadla je p\u0159\u00edmo z\u00e1visl\u00e1 na teplot\u011b n\u00edzkopotencion\u00e1ln\u00edho zdroje.<\/div>\n<\/div>\n","protected":false},"excerpt":{"rendered":"<p>Nab\u00edz\u00edme kompletn\u00ed \u0159e\u0161en\u00ed tepeln\u00fdch \u010derpadel pro pr\u016fmysl i dom\u00e1cnost (od projektu, dod\u00e1vky, instalace a\u017e po celkov\u00e9 zprovozn\u011bn\u00ed a servisn\u00ed \u010dinnost). Tepeln\u00e1 \u010derpadla p\u0159inesou Va\u0161\u00ed firm\u011b \u010di dom\u00e1cnosti zna\u010dnou \u00fasporu finan\u010dn\u00edch [&hellip;]<\/p>\n","protected":false},"author":1,"featured_media":0,"parent":0,"menu_order":0,"comment_status":"closed","ping_status":"closed","template":"","meta":{"footnotes":""},"class_list":["post-33","page","type-page","status-publish","hentry"],"_links":{"self":[{"href":"https:\/\/www.strojobal.eu\/index.php\/wp-json\/wp\/v2\/pages\/33","targetHints":{"allow":["GET"]}}],"collection":[{"href":"https:\/\/www.strojobal.eu\/index.php\/wp-json\/wp\/v2\/pages"}],"about":[{"href":"https:\/\/www.strojobal.eu\/index.php\/wp-json\/wp\/v2\/types\/page"}],"author":[{"embeddable":true,"href":"https:\/\/www.strojobal.eu\/index.php\/wp-json\/wp\/v2\/users\/1"}],"replies":[{"embeddable":true,"href":"https:\/\/www.strojobal.eu\/index.php\/wp-json\/wp\/v2\/comments?post=33"}],"version-history":[{"count":7,"href":"https:\/\/www.strojobal.eu\/index.php\/wp-json\/wp\/v2\/pages\/33\/revisions"}],"predecessor-version":[{"id":109,"href":"https:\/\/www.strojobal.eu\/index.php\/wp-json\/wp\/v2\/pages\/33\/revisions\/109"}],"wp:attachment":[{"href":"https:\/\/www.strojobal.eu\/index.php\/wp-json\/wp\/v2\/media?parent=33"}],"curies":[{"name":"wp","href":"https:\/\/api.w.org\/{rel}","templated":true}]}}