{"id":35,"date":"2016-11-27T23:19:30","date_gmt":"2016-11-27T22:19:30","guid":{"rendered":"http:\/\/www.strojobal.eu\/?page_id=35"},"modified":"2016-12-07T15:55:11","modified_gmt":"2016-12-07T14:55:11","slug":"revize-a-servis","status":"publish","type":"page","link":"https:\/\/www.strojobal.eu\/index.php\/cs\/revize-a-servis\/","title":{"rendered":"Revize a servis"},"content":{"rendered":"<div>\n<p><strong>Ka\u017ed\u00fd provozovatel chladic\u00edch a klimatiza\u010dn\u00edch syst\u00e9m\u016f je povinen k zaji\u0161t\u011bn\u00ed bezpe\u010dn\u00e9ho a hospod\u00e1rn\u00e9ho provozu, ve smyslu \u010cSN EN 378-1 a\u017e 4, \u010cSN 69 00 12 kapitoly II p\u0159\u00edlohy a dal\u0161\u00edch p\u0159edpis\u016f s nimi souvisej\u00edc\u00edch provozovat a udr\u017eovat sv\u00e1 v\u00fd\u0161e uveden\u00e1 za\u0159\u00edzen\u00ed a podrobovat je p\u0159edepsan\u00fdm pravideln\u00fdm kontrol\u00e1m, prohl\u00eddk\u00e1m, zkou\u0161k\u00e1m a reviz\u00edm.<\/strong><\/p>\n<h5><strong>Zaji\u0161\u0165ujeme<\/strong><\/h5>\n<ul>\n<li>revize tlakov\u00fdch n\u00e1dob<\/li>\n<li>revize chlad\u00edc\u00edch za\u0159\u00edzen\u00ed<\/li>\n<li>revize elektro za\u0159\u00edzen\u00ed a MaR<\/li>\n<li>tlakov\u00e9 a t\u011bsnostn\u00ed zkou\u0161ky<\/li>\n<li>\u0161kolen\u00ed obsluh chlad\u00edc\u00edch za\u0159\u00edzen\u00ed<\/li>\n<li>\u0161kolen\u00ed obsluh stabiln\u00edch tlakov\u00fdch n\u00e1dob<\/li>\n<li>repase, se\u0159izov\u00e1n\u00ed a pravideln\u00e9 v\u00fdm\u011bny pojistn\u00fdch ventil\u016f TNS<\/li>\n<li>poskytov\u00e1n\u00ed technick\u00e9 pomoci<\/li>\n<li>dod\u00e1vky n\u00e1hradn\u00edch d\u00edl\u016f chlad\u00edc\u00edch za\u0159\u00edzen\u00ed<\/li>\n<li>servisn\u00ed z\u00e1sahy, expresn\u00ed servisn\u00ed z\u00e1sahy<\/li>\n<\/ul>\n<p><strong>V r\u00e1mci servisn\u00ed \u010dinnosti dod\u00e1v\u00e1 spole\u010dnost n\u00e1hradn\u00ed d\u00edly na za\u0159\u00edzen\u00ed a kompletn\u00ed z\u00e1ru\u010dn\u00ed i poz\u00e1ru\u010dn\u00ed servis.<\/strong><\/p>\n<p>Na\u0161e firma m\u00e1 k prov\u00e1d\u011bn\u00ed reviz\u00ed chladic\u00edch okruh\u016f a tlakov\u00fdch n\u00e1dob stabiln\u011b dostate\u010dn\u00fd po\u010det kompetentn\u00edch pracovn\u00edk\u016f a je p\u0159ipravena uzav\u0159\u00edt s ka\u017ed\u00fdm provozovatelem tlakov\u00fdch n\u00e1dob a chladic\u00edch okruh\u016f p\u0159\u00edslu\u0161nou smlouvu.<\/p>\n<\/div>\n","protected":false},"excerpt":{"rendered":"<p>Ka\u017ed\u00fd provozovatel chladic\u00edch a klimatiza\u010dn\u00edch syst\u00e9m\u016f je povinen k zaji\u0161t\u011bn\u00ed bezpe\u010dn\u00e9ho a hospod\u00e1rn\u00e9ho provozu, ve smyslu \u010cSN EN 378-1 a\u017e 4, \u010cSN 69 00 12 kapitoly II p\u0159\u00edlohy a dal\u0161\u00edch [&hellip;]<\/p>\n","protected":false},"author":1,"featured_media":0,"parent":0,"menu_order":0,"comment_status":"closed","ping_status":"closed","template":"","meta":{"footnotes":""},"class_list":["post-35","page","type-page","status-publish","hentry"],"_links":{"self":[{"href":"https:\/\/www.strojobal.eu\/index.php\/wp-json\/wp\/v2\/pages\/35","targetHints":{"allow":["GET"]}}],"collection":[{"href":"https:\/\/www.strojobal.eu\/index.php\/wp-json\/wp\/v2\/pages"}],"about":[{"href":"https:\/\/www.strojobal.eu\/index.php\/wp-json\/wp\/v2\/types\/page"}],"author":[{"embeddable":true,"href":"https:\/\/www.strojobal.eu\/index.php\/wp-json\/wp\/v2\/users\/1"}],"replies":[{"embeddable":true,"href":"https:\/\/www.strojobal.eu\/index.php\/wp-json\/wp\/v2\/comments?post=35"}],"version-history":[{"count":8,"href":"https:\/\/www.strojobal.eu\/index.php\/wp-json\/wp\/v2\/pages\/35\/revisions"}],"predecessor-version":[{"id":96,"href":"https:\/\/www.strojobal.eu\/index.php\/wp-json\/wp\/v2\/pages\/35\/revisions\/96"}],"wp:attachment":[{"href":"https:\/\/www.strojobal.eu\/index.php\/wp-json\/wp\/v2\/media?parent=35"}],"curies":[{"name":"wp","href":"https:\/\/api.w.org\/{rel}","templated":true}]}}