{"id":37,"date":"2016-11-27T23:19:56","date_gmt":"2016-11-27T22:19:56","guid":{"rendered":"http:\/\/www.strojobal.eu\/?page_id=37"},"modified":"2017-02-24T11:59:35","modified_gmt":"2017-02-24T10:59:35","slug":"kontakty","status":"publish","type":"page","link":"https:\/\/www.strojobal.eu\/index.php\/cs\/kontakty\/","title":{"rendered":"Kontakty"},"content":{"rendered":"<p><strong>STROJOBAL a.s.<img loading=\"lazy\" decoding=\"async\" class=\"alignright wp-image-73 size-full\" src=\"http:\/\/www.strojobal.eu\/wp-content\/uploads\/2016\/11\/mapa.png\" alt=\"mapa\" width=\"499\" height=\"312\" srcset=\"https:\/\/www.strojobal.eu\/wp-content\/uploads\/2016\/11\/mapa.png 499w, https:\/\/www.strojobal.eu\/wp-content\/uploads\/2016\/11\/mapa-300x188.png 300w, https:\/\/www.strojobal.eu\/wp-content\/uploads\/2016\/11\/mapa-400x250.png 400w\" sizes=\"auto, (max-width: 499px) 100vw, 499px\" \/><br \/>\nZeyerova alej 1388\/30<\/strong><br \/>\n<strong>162 00\u00a0 Praha 6<br \/>\n<\/strong><\/p>\n<p>Tel. 602 480 833<br \/>\nEmail: info@strojobal.eu<\/p>\n<p><strong>I\u010cO: 04364619<br \/>\n<\/strong><strong>DI\u010c: CZ04364619<\/strong><\/p>\n<p><strong>Bankovn\u00ed \u00fa\u010det<br \/>\n<\/strong>1454444145\/0300 (\u010cSOB)<\/p>\n<p><strong>Z\u00e1pis v rejst\u0159\u00edku<br \/>\n<\/strong>M\u011bstsk\u00fd soud v Praze, odd\u00edl B, vlo\u017eka 20893<\/p>\n<p>Otev\u0159eno Po &#8211; P\u00e1\u00a0 (8 &#8211; 16 hod)<\/p>\n","protected":false},"excerpt":{"rendered":"<p>STROJOBAL a.s. Zeyerova alej 1388\/30 162 00\u00a0 Praha 6 Tel. 602 480 833 Email: info@strojobal.eu I\u010cO: 04364619 DI\u010c: CZ04364619 Bankovn\u00ed \u00fa\u010det 1454444145\/0300 (\u010cSOB) Z\u00e1pis v rejst\u0159\u00edku M\u011bstsk\u00fd soud v Praze, [&hellip;]<\/p>\n","protected":false},"author":1,"featured_media":0,"parent":0,"menu_order":0,"comment_status":"closed","ping_status":"closed","template":"page-templates\/left-sidebar.php","meta":{"footnotes":""},"class_list":["post-37","page","type-page","status-publish","hentry"],"_links":{"self":[{"href":"https:\/\/www.strojobal.eu\/index.php\/wp-json\/wp\/v2\/pages\/37","targetHints":{"allow":["GET"]}}],"collection":[{"href":"https:\/\/www.strojobal.eu\/index.php\/wp-json\/wp\/v2\/pages"}],"about":[{"href":"https:\/\/www.strojobal.eu\/index.php\/wp-json\/wp\/v2\/types\/page"}],"author":[{"embeddable":true,"href":"https:\/\/www.strojobal.eu\/index.php\/wp-json\/wp\/v2\/users\/1"}],"replies":[{"embeddable":true,"href":"https:\/\/www.strojobal.eu\/index.php\/wp-json\/wp\/v2\/comments?post=37"}],"version-history":[{"count":4,"href":"https:\/\/www.strojobal.eu\/index.php\/wp-json\/wp\/v2\/pages\/37\/revisions"}],"predecessor-version":[{"id":102,"href":"https:\/\/www.strojobal.eu\/index.php\/wp-json\/wp\/v2\/pages\/37\/revisions\/102"}],"wp:attachment":[{"href":"https:\/\/www.strojobal.eu\/index.php\/wp-json\/wp\/v2\/media?parent=37"}],"curies":[{"name":"wp","href":"https:\/\/api.w.org\/{rel}","templated":true}]}}